{"id":7,"date":"2009-04-21T11:52:51","date_gmt":"2009-04-21T09:52:51","guid":{"rendered":"http:\/\/congresocuerpo.zeus.umh.es\/?page_id=7"},"modified":"2011-11-17T11:30:33","modified_gmt":"2011-11-17T10:30:33","slug":"inicio","status":"publish","type":"page","link":"https:\/\/congresocuerpo.umh.es\/ca\/","title":{"rendered":"Presentaci\u00f3n"},"content":{"rendered":"<p><\/p>\n<p style=\"text-align: justify\">\u00a0<\/p>\n<p style=\"text-align: justify\">Organizado por el <strong><em>Seminario Interdisciplinar de Estudios de G\u00e9nero (S.I.E.G.)<br \/>\n<\/em><\/strong>Se celebrar\u00e1 en la ciudad de Elche (Alicante, Espa\u00f1a), del 11 al\u00a0 13 de noviembre de 2009.<\/p>\n<h3 style=\"padding-left: 30px;text-align: justify\"><span style=\"color: #800000\"><em>I CONGRESO INTERNACIONAL DE CULTURA Y G\u00c9NERO:<br \/>\nLA CULTURA EN EL CUERPO<\/em><\/span><\/h3>\n<p style=\"padding-left: 30px;text-align: justify\"><span style=\"color: #800000\"><strong>11-13 noviembre 2009<\/strong><\/span><\/p>\n<p style=\"text-align: justify\">El Seminario Interdisciplinar de Estudios de G\u00e9nero (SIEG) del Vicerrectorado de Estudiantes y Extensi\u00f3n Universitaria de la Universidad Miguel Hern\u00e1ndez de Elche organiza el I Congreso Internacional de Cultura y G\u00e9nero que, en su primera edici\u00f3n, dedica al an\u00e1lisis de <strong>\u201cLa Cultura en el Cuerpo\u201d<\/strong> y que se celebrar\u00e1 en la ciudad de Elche (Alicante, Espa\u00f1a), del 11 al 13 de noviembre de 2009.<\/p>\n<p style=\"text-align: justify\">Este Congreso se propone, como evento cient\u00edfico e internacional, debatir desde la perspectiva de g\u00e9nero sobre las \u00faltimas investigaciones acad\u00e9micas que se est\u00e1n desarrollando sobre cultura, cuerpo y g\u00e9nero alrededor de las tem\u00e1ticas siguientes:<\/p>\n<p style=\"padding-left: 30px;text-align: justify\"><strong>1.\u00a0Cultura, cuerpo, g\u00e9nero: salud-enfermedad.<br \/>\n2.\u00a0Cultura, cuerpo, g\u00e9nero: sexualidad.<br \/>\n3.\u00a0Cultura, cuerpo, g\u00e9nero: deporte.<br \/>\n4.\u00a0Cultura, cuerpo, g\u00e9nero: alimentaci\u00f3n.<br \/>\n5.\u00a0Cultura, cuerpo, g\u00e9nero: arte, est\u00e9tica, moda.<br \/>\n6.\u00a0Cultura, cuerpo, g\u00e9nero: incorporar la desigualdad.<\/strong><\/p>\n<p style=\"text-align: justify\">El estudio del cuerpo humano se ha convertido en los \u00faltimos a\u00f1os en un objeto de an\u00e1lisis prioritario en las Ciencias Sociales y Humanas, y consideramos que la perspectiva de g\u00e9nero es fundamental en el an\u00e1lisis de la producci\u00f3n y reproducci\u00f3n de los modelos socioculturales del cuerpo humano. Con la celebraci\u00f3n de este congreso queremos acercarnos al estudio del cuerpo desde la perspectiva de g\u00e9nero, atendiendo a sus dimensiones org\u00e1nicas (biol\u00f3gico, material, \u201cnatural\u201d) y socioculturales, centr\u00e1ndonos en c\u00f3mo la cultura modela el cuerpo de los sujetos en relaci\u00f3n a las principales representaciones ide\u00e1ticas del g\u00e9nero femenino y del g\u00e9nero masculino en cada tiempo y lugar.<\/p>\n<p style=\"text-align: justify\">Consideramos que las identidades de g\u00e9nero y las diversas pr\u00e1cticas individuales y colectivas de hombres y mujeres se plasman en los cuerpos. Por un lado, nos interesan los procesos de continuos cambios producidos en los cuerpos de hombres y mujeres influenciados por las im\u00e1genes y los valores culturalmente compartidos sobre los g\u00e9neros existentes en cada \u00e1mbito cultural. Por otro, defendemos que las personas, con sus comportamientos y reinterpretaciones de g\u00e9nero, act\u00faan a su vez sobre las propias representaciones y su sistema social, siendo agentes activos capaces de \u201cempoderarse\u201d desde los usos y discursos de su corporalidad.<\/p>\n<p style=\"text-align: justify\">Los cuerpos en s\u00ed mismos han de analizarse dentro de sus contextos econ\u00f3micos, pol\u00edticos y sociales. Los cuerpos son met\u00e1foras de lo masculino y lo femenino, los cuerpos \u201cencarnan\u201d las relaciones de poder entre los sexos, proyectan las im\u00e1genes de lo valores hegem\u00f3nicos en cada sociedad. As\u00ed, los cuerpos de hombres y mujeres son la puesta en escena de las modas, de las manifestaciones identitarias, de lo considerado er\u00f3tico, deseable, despreciable, inimitable, prohibido, invisible, etc. Los cuerpos tienen una dimensi\u00f3n material, metaf\u00f3rica, discursiva, imaginada, socializadora, subversiva, alineada, transformadora\u2026en estrecha relaci\u00f3n con la ideolog\u00eda de g\u00e9nero existente en cada cultura.<\/p>\n<p style=\"text-align: justify\">Nos interesa discutir y profundizar sobre el cuerpo como objeto, sujeto e instrumento. De este modo podemos hablar de cuerpos generizados, cuerpos sexuados, cuerpos f\u00e9rtiles, cuerpos maternales, cuerpos atractivos, cuerpos \u201cremodelables\u201d, cuerpos \u201cdesfragmentados\u201d, cuerpos anor\u00e9xicos, cuerpos deportistas, cuerpos saludables, cuerpos er\u00f3ticos, cuerpos \u201canormales\u201d, etc.<\/p>\n<p style=\"text-align: justify\">Entendemos que la corporalidad de las mujeres ha estado y est\u00e1 m\u00e1s controlada que las de los hombres condicionada por el sistema patriarcal occidental. Sin embargo, es a trav\u00e9s del uso que las mujeres hagan de su cuerpo e imagen corporal como se puede alterar significativamente el sexismo a\u00fan existente sobre la corporalidad femenina.<\/p>\n<p style=\"text-align: justify\">En nuestra sociedad actual, en la que el cuerpo y la imagen corporal llegan a sacralizarse, adquiriendo la dimensi\u00f3n corp\u00f3rea una enorme centralidad en la vida de los sujetos y la sociedad, se hace indispensable el an\u00e1lisis de los usos y significados del cuerpo y las relaciones de g\u00e9nero.<\/p>\n<p style=\"text-align: justify\">El disciplinamiento de los cuerpos en funci\u00f3n del g\u00e9nero femenino o masculino a lo largo de la historia y en las diversas culturas ha existido siempre, pero nos interesa de modo especial el actual complejo de representaci\u00f3n de g\u00e9nero de la imagen corporal en nuestra sociedad, cuyo reflejo se expande a \u00e1mbitos como la alimentaci\u00f3n, la salud, la violencia, la est\u00e9tica, el ejercicio f\u00edsico y la sexualidad.<\/p>\n<p style=\"text-align: justify\">Consideramos que la perspectiva de g\u00e9nero es imprescindible en el an\u00e1lisis de la producci\u00f3n y reproducci\u00f3n de los modelos socioculturales del cuerpo humano.<\/p>\n<p style=\"text-align: justify\">Sin embargo no queremos abordar el estudio del cuerpo desde la simplista posici\u00f3n de las cl\u00e1sicas dicotom\u00edas naturaleza-cultura, hombre-mujer, masculino-femenino, heterosexual-homosexual, material-ideal, etc. Pues abogamos que el an\u00e1lisis de las corporalidades desde la perspectiva de g\u00e9nero debe realizarse desde la complejidad multifac\u00e9tica, simb\u00f3lica, hol\u00edstica y poli\u00e9drica que el estudio de la cultura exige en un mundo como el actual.<\/p>\n<p style=\"text-align: justify\">Con el objetivo de presentar el actual estado de la investigaci\u00f3n cient\u00edfica a nivel interdisciplinar e internacional en torno a las diversas tem\u00e1ticas planteadas en los simposios hemos organizado el I Congreso Internacional de Cuerpo y G\u00e9nero: \u201cLa cultura en el cuerpo\u201d, que se celebrar\u00e1 en Elche (Espa\u00f1a) del 11 al 13 de noviembre de 2009.<\/p>\n<p style=\"text-align: justify\">Esperamos que la propuesta sea de vuestro inter\u00e9s y podamos contar con vuestra participaci\u00f3n en este congreso que organizamos desde la Universidad Miguel Hern\u00e1ndez de Elche.<\/p>\n<p style=\"text-align: justify\">\u00a0<\/p>\n<p style=\"text-align: justify\">Un cordial saludo.<br \/>\nDr. Javier Eloy Mart\u00ednez Guirao y Dra. Anastasia T\u00e9llez Infantes<br \/>\nPresidencia del I Congreso Internacional de Cuerpo y G\u00e9nero: \u201cLa cultura en el cuerpo\u201d<\/p>\n<p><\/p>","protected":false},"excerpt":{"rendered":"<p>\u00a0<br \/>\nOrganizado por el Seminario Interdisciplinar de Estudios de G\u00e9nero (S.I.E.G.)<br \/>\nSe celebrar\u00e1 en la ciudad de Elche (Alicante, Espa\u00f1a), del 11 al\u00a0 13 de noviembre de 2009.<br \/>\nI CONGRESO INTERNACIONAL DE CULTURA Y G\u00c9NERO:<br \/>\nLA CULTURA EN EL CUERPO<br \/>\n11-13 noviembre 2009<br \/>\nEl Seminario Interdisciplinar de Estudios de G\u00e9nero (SIEG) del Vicerrectorado de Estudiantes y Extensi\u00f3n Universitaria de la Universidad [&#8230;]<\/p>\n","protected":false},"author":1,"featured_media":0,"parent":0,"menu_order":0,"comment_status":"closed","ping_status":"open","template":"","meta":{"_links_to":"","_links_to_target":""},"_links":{"self":[{"href":"https:\/\/congresocuerpo.umh.es\/ca\/wp-json\/wp\/v2\/pages\/7"}],"collection":[{"href":"https:\/\/congresocuerpo.umh.es\/ca\/wp-json\/wp\/v2\/pages"}],"about":[{"href":"https:\/\/congresocuerpo.umh.es\/ca\/wp-json\/wp\/v2\/types\/page"}],"author":[{"embeddable":true,"href":"https:\/\/congresocuerpo.umh.es\/ca\/wp-json\/wp\/v2\/users\/1"}],"replies":[{"embeddable":true,"href":"https:\/\/congresocuerpo.umh.es\/ca\/wp-json\/wp\/v2\/comments?post=7"}],"version-history":[{"count":0,"href":"https:\/\/congresocuerpo.umh.es\/ca\/wp-json\/wp\/v2\/pages\/7\/revisions"}],"wp:attachment":[{"href":"https:\/\/congresocuerpo.umh.es\/ca\/wp-json\/wp\/v2\/media?parent=7"}],"curies":[{"name":"wp","href":"https:\/\/api.w.org\/{rel}","templated":true}]}}